{"id":109,"date":"2015-10-22T21:52:32","date_gmt":"2015-10-22T19:52:32","guid":{"rendered":"http:\/\/neslysici.casd.cz\/?page_id=109"},"modified":"2020-03-15T18:00:12","modified_gmt":"2020-03-15T17:00:12","slug":"archiv","status":"publish","type":"page","link":"https:\/\/neslysici.casd.cz\/?page_id=109","title":{"rendered":"Archiv"},"content":{"rendered":"<h3>Rok 2020&#8230;&#8230;\u00a0 \ud83d\ude42<\/h3>\n<p>Zat\u00edm jsme moc aktivit tento rok nem\u011bli.<\/p>\n<p>Za\u010dali jsme po\u0159\u00e1dat kurzy znakov\u00e9ho jazyka. V\u00edce informac\u00ed v sekci Kurzy ZJ.<\/p>\n<p><strong><span style=\"color: #339966;\">Nyn\u00ed aktu\u00e1ln\u011b si p\u0159ejeme, aby se situace ve sv\u011bt\u011b s koronavirem zlep\u0161ila. Pokoj Bo\u017e\u00ed do Va\u0161ich srdc\u00ed&#8230;<\/span><\/strong><\/p>\n<h5><\/h5>\n<h5><\/h5>\n","protected":false},"excerpt":{"rendered":"<p>Rok 2020&#8230;&#8230;\u00a0 \ud83d\ude42 Zat\u00edm jsme moc aktivit tento rok nem\u011bli. Za\u010dali jsme po\u0159\u00e1dat kurzy znakov\u00e9ho jazyka. V\u00edce informac\u00ed v sekci Kurzy ZJ. Nyn\u00ed aktu\u00e1ln\u011b si p\u0159ejeme, aby se situace ve sv\u011bt\u011b s koronavirem zlep\u0161ila. Pokoj Bo\u017e\u00ed do Va\u0161ich srdc\u00ed&#8230;<\/p>\n","protected":false},"author":3,"featured_media":0,"parent":0,"menu_order":11,"comment_status":"closed","ping_status":"open","template":"","meta":{"_et_pb_use_builder":"","_et_pb_old_content":"","_et_gb_content_width":"","footnotes":""},"class_list":["post-109","page","type-page","status-publish"],"_links":{"self":[{"href":"https:\/\/neslysici.casd.cz\/index.php?rest_route=\/wp\/v2\/pages\/109","targetHints":{"allow":["GET"]}}],"collection":[{"href":"https:\/\/neslysici.casd.cz\/index.php?rest_route=\/wp\/v2\/pages"}],"about":[{"href":"https:\/\/neslysici.casd.cz\/index.php?rest_route=\/wp\/v2\/types\/page"}],"author":[{"embeddable":true,"href":"https:\/\/neslysici.casd.cz\/index.php?rest_route=\/wp\/v2\/users\/3"}],"replies":[{"embeddable":true,"href":"https:\/\/neslysici.casd.cz\/index.php?rest_route=%2Fwp%2Fv2%2Fcomments&post=109"}],"version-history":[{"count":37,"href":"https:\/\/neslysici.casd.cz\/index.php?rest_route=\/wp\/v2\/pages\/109\/revisions"}],"predecessor-version":[{"id":1247,"href":"https:\/\/neslysici.casd.cz\/index.php?rest_route=\/wp\/v2\/pages\/109\/revisions\/1247"}],"wp:attachment":[{"href":"https:\/\/neslysici.casd.cz\/index.php?rest_route=%2Fwp%2Fv2%2Fmedia&parent=109"}],"curies":[{"name":"wp","href":"https:\/\/api.w.org\/{rel}","templated":true}]}}